{"id":72,"date":"2008-09-01T17:40:45","date_gmt":"2008-09-01T15:40:45","guid":{"rendered":"http:\/\/blog.niklas-imse.de\/?page_id=72"},"modified":"2008-11-05T13:08:17","modified_gmt":"2008-11-05T11:08:17","slug":"was-macht-dieser-blog","status":"publish","type":"page","link":"https:\/\/www.nikl3ss.de\/?page_id=72","title":{"rendered":"Was macht dieser Blog?"},"content":{"rendered":"<p>Mit dem Blog m\u00f6chte ich Freunden, Bekannten und der Familie die M\u00f6glichkeit geben sich \u00fcber mich zu informieren. Was mache ich gerade, wie geht es mir und so weiter. Dabei sind private Bereiche jedoch vor unerw\u00fcnschten Zugriffen gesch\u00fctzt, der Zugang versteckt sich hinter den Anfangsbuchstaben folgendes Sprichworts: <strong>M<\/strong>y <strong>H<\/strong>ome <strong>I<\/strong>s <strong>M<\/strong>y <strong>C<\/strong>astle. Also schaut \u00f6fters mal rein uns seht wie es mir geht<\/p>\n<p>Gru\u00df<\/p>\n<p>Niklas<\/p>\n","protected":false},"excerpt":{"rendered":"<p>Mit dem Blog m\u00f6chte ich Freunden, Bekannten und der Familie die M\u00f6glichkeit geben sich \u00fcber mich zu informieren. Was mache ich gerade, wie geht es mir und so weiter. Dabei sind private Bereiche jedoch vor unerw\u00fcnschten Zugriffen gesch\u00fctzt, der Zugang versteckt sich hinter den Anfangsbuchstaben folgendes Sprichworts: My Home Is My Castle. Also schaut \u00f6fters [&hellip;]<\/p>\n","protected":false},"author":15,"featured_media":0,"parent":0,"menu_order":0,"comment_status":"open","ping_status":"closed","template":"","meta":{"footnotes":""},"class_list":["post-72","page","type-page","status-publish","hentry"],"_links":{"self":[{"href":"https:\/\/www.nikl3ss.de\/index.php?rest_route=\/wp\/v2\/pages\/72","targetHints":{"allow":["GET"]}}],"collection":[{"href":"https:\/\/www.nikl3ss.de\/index.php?rest_route=\/wp\/v2\/pages"}],"about":[{"href":"https:\/\/www.nikl3ss.de\/index.php?rest_route=\/wp\/v2\/types\/page"}],"author":[{"embeddable":true,"href":"https:\/\/www.nikl3ss.de\/index.php?rest_route=\/wp\/v2\/users\/15"}],"replies":[{"embeddable":true,"href":"https:\/\/www.nikl3ss.de\/index.php?rest_route=%2Fwp%2Fv2%2Fcomments&post=72"}],"version-history":[{"count":3,"href":"https:\/\/www.nikl3ss.de\/index.php?rest_route=\/wp\/v2\/pages\/72\/revisions"}],"predecessor-version":[{"id":112,"href":"https:\/\/www.nikl3ss.de\/index.php?rest_route=\/wp\/v2\/pages\/72\/revisions\/112"}],"wp:attachment":[{"href":"https:\/\/www.nikl3ss.de\/index.php?rest_route=%2Fwp%2Fv2%2Fmedia&parent=72"}],"curies":[{"name":"wp","href":"https:\/\/api.w.org\/{rel}","templated":true}]}}