{"id":395,"date":"2009-01-23T12:06:44","date_gmt":"2009-01-23T10:06:44","guid":{"rendered":"http:\/\/www.niklas-imse.de\/?page_id=395"},"modified":"2009-07-15T10:41:48","modified_gmt":"2009-07-15T08:41:48","slug":"poker-challenge-2009","status":"publish","type":"page","link":"https:\/\/www.nikl3ss.de\/?page_id=395","title":{"rendered":"Poker Challenge 2009"},"content":{"rendered":"<p>Hier findet man die Informationen \u00fcber unsere privaten Pokerrunden.<\/p>\n<p>N\u00e4chster Termin: offen<\/p>\n<p><!--start_raw--><br \/>\n<iframe loading=\"lazy\" src=\"http:\/\/spreadsheets.google.com\/pub?key=ppvTM3QOd0Hikj41aYI50dQ\" height=\"420\" width=\"450\" name=\"i_Pokertab\" scrolling=\"no\" frame=\"no\" border=\"0\"><br \/>\n<\/iframe><br \/>\n<!--end_raw--><\/p>\n<p>Bei der Punktevergabe gilt folgende Formel: [Anzahl Teilnehmer] \/ [Plazierung]<br \/>\nDabei werden nur Punkte f\u00fcr die Gewinn-Positionen (bis f\u00fcnf Spieler Platz 1 &#038; 2, ab sechs Spielern die ersten drei Pl\u00e4tze) vergeben. Die restlichen Pl\u00e4tze gehen leer aus.<\/p>\n<p>F\u00fcr die immerw\u00e4hrende Frage, der Handwertigkeit, hier eine sch\u00f6ne Grafik aus <a href=\"http:\/\/de.wikipedia.org\/wiki\/Kategorie:Spielbegriff_(Poker)\">Wikipedia<\/a>:<\/p>\n<p> <a href=\"http:\/\/de.wikipedia.org\/wiki\/Datei:PokerHandRankings.png#filelinks\"><img loading=\"lazy\" decoding=\"async\" alt=\"\" src=\"http:\/\/upload.wikimedia.org\/wikipedia\/commons\/thumb\/6\/64\/PokerHandRankings.png\/449px-PokerHandRankings.png\" title=\"PokerHandRankings\" class=\"alignnone\" width=\"225\" height=\"300\" \/><\/a><\/p>\n<p>&#8230;und f\u00fcr alle die neu sind, hier die Grundbegriffe:<br \/>\n<img loading=\"lazy\" decoding=\"async\" src=\"http:\/\/www.nickl3ss.de\/wp-content\/uploads\/2009\/01\/pokerabc.jpg\" alt=\"Das kleine Poker ABC\" title=\"Das kleine Poker ABC\" width=\"319\" height=\"244\" class=\"alignnone size-full wp-image-422\" srcset=\"https:\/\/www.nikl3ss.de\/wp-content\/uploads\/2009\/01\/pokerabc.jpg 319w, https:\/\/www.nikl3ss.de\/wp-content\/uploads\/2009\/01\/pokerabc-300x229.jpg 300w\" sizes=\"auto, (max-width: 319px) 100vw, 319px\" \/><\/p>\n","protected":false},"excerpt":{"rendered":"<p>Hier findet man die Informationen \u00fcber unsere privaten Pokerrunden. N\u00e4chster Termin: offen Bei der Punktevergabe gilt folgende Formel: [Anzahl Teilnehmer] \/ [Plazierung] Dabei werden nur Punkte f\u00fcr die Gewinn-Positionen (bis f\u00fcnf Spieler Platz 1 &#038; 2, ab sechs Spielern die ersten drei Pl\u00e4tze) vergeben. Die restlichen Pl\u00e4tze gehen leer aus. F\u00fcr die immerw\u00e4hrende Frage, der [&hellip;]<\/p>\n","protected":false},"author":15,"featured_media":0,"parent":0,"menu_order":0,"comment_status":"open","ping_status":"closed","template":"","meta":{"footnotes":""},"class_list":["post-395","page","type-page","status-publish","hentry"],"_links":{"self":[{"href":"https:\/\/www.nikl3ss.de\/index.php?rest_route=\/wp\/v2\/pages\/395","targetHints":{"allow":["GET"]}}],"collection":[{"href":"https:\/\/www.nikl3ss.de\/index.php?rest_route=\/wp\/v2\/pages"}],"about":[{"href":"https:\/\/www.nikl3ss.de\/index.php?rest_route=\/wp\/v2\/types\/page"}],"author":[{"embeddable":true,"href":"https:\/\/www.nikl3ss.de\/index.php?rest_route=\/wp\/v2\/users\/15"}],"replies":[{"embeddable":true,"href":"https:\/\/www.nikl3ss.de\/index.php?rest_route=%2Fwp%2Fv2%2Fcomments&post=395"}],"version-history":[{"count":26,"href":"https:\/\/www.nikl3ss.de\/index.php?rest_route=\/wp\/v2\/pages\/395\/revisions"}],"predecessor-version":[{"id":399,"href":"https:\/\/www.nikl3ss.de\/index.php?rest_route=\/wp\/v2\/pages\/395\/revisions\/399"}],"wp:attachment":[{"href":"https:\/\/www.nikl3ss.de\/index.php?rest_route=%2Fwp%2Fv2%2Fmedia&parent=395"}],"curies":[{"name":"wp","href":"https:\/\/api.w.org\/{rel}","templated":true}]}}